{"id":271,"date":"2019-01-19T18:01:47","date_gmt":"2019-01-19T17:01:47","guid":{"rendered":"http:\/\/rallyecorse.com\/?page_id=271"},"modified":"2019-02-02T21:52:36","modified_gmt":"2019-02-02T20:52:36","slug":"liens","status":"publish","type":"page","link":"https:\/\/rallyecorse.com\/index.php\/liens\/","title":{"rendered":"Liens"},"content":{"rendered":"<p><strong><a href=\"https:\/\/www.wrc.com\/fr\/\" target=\"_blank\" rel=\"noopener\">wrc.com<\/a> : Le site officiel du championnat du monde des rallyes<\/strong><\/p>\n<p><strong><a href=\"https:\/\/www.ffsa.org\/\" target=\"_blank\" rel=\"noopener\">FFSA<\/a> : Le site officiel de la F\u00e9d\u00e9ration Fran\u00e7aise du Sport Automobile<\/strong><\/p>\n<p><strong><a href=\"http:\/\/corsicasportauto.com\/\" target=\"_blank\" rel=\"noopener\">Corsicasportauto<\/a> : Le site de la Ligue Corse du Sport Automobile<\/strong><\/p>\n<p><strong><a href=\"http:\/\/www.tourdecorse.com\/site\/\" target=\"_blank\" rel=\"noopener\">Tour de Corse<\/a> : Le site officiel de l&rsquo;\u00e9preuve mondiale de l&rsquo;\u00eele<\/strong><\/p>\n<p><strong><a href=\"https:\/\/www.asacc.fr\/\" target=\"_blank\" rel=\"noopener\">ASACC<\/a> : Le site officiel de l&rsquo;ASACC, association organisatrice du Tour de Corse pendant de nombreuses ann\u00e9es, ainsi que du Mare e Machja (anciennement Rallye du Maquis)<\/strong><\/p>\n<p><strong><a href=\"https:\/\/asa-bastiaise.com\/\" target=\"_blank\" rel=\"noopener\">ASA Bastiaise<\/a> : Le site officiel de l&rsquo;ASA Bastiaise, organisatrice de la Ronde de la Giraglia, et du Rallye du Nebbiu<\/strong><\/p>\n<p><strong><a href=\"http:\/\/www.asa.corsica\/pages\/home.html\" target=\"_blank\" rel=\"noopener\">ASA Corsica<\/a> : Le site officiel de l&rsquo;ASA Corsica, organisatrice du Rallye du Pays Ajaccien, du Rallye du Prunelli, et co-organisatrice du Rallye de Balagne<\/strong><\/p>\n<p><strong><a href=\"http:\/\/www.asarestonica.fr\/\" target=\"_blank\" rel=\"noopener\">ASA Restonica<\/a> : Le site officiel de l&rsquo;ASA Restonica, organisatrice du Rallye de Corte Centre Corse<\/strong><\/p>\n<p><strong><a href=\"https:\/\/www.terredecorse.fr\/\" target=\"_blank\" rel=\"noopener\">ASA Terre de Corse<\/a> : Le site officiel de l&rsquo;ASA Terre de Corse, organisatrice du Rallye de Porto-Vecchio, et du Rallye de Costa Serena<\/strong><\/p>\n<p><strong><a href=\"https:\/\/www.ewrc-results.com\/\" target=\"_blank\" rel=\"noopener\">eWrc-Results<\/a> : Le site de r\u00e9f\u00e9rence pour le suivi des r\u00e9sultats en live, aussi bien en championnat du monde, qu&rsquo;en championnat d&rsquo;Europe, de France, et \u00e9galement sur certaines \u00e9preuves nationales ou r\u00e9gionales (dont quelques unes de notre \u00eele)<\/strong><\/p>\n<p><strong><a href=\"https:\/\/www.youtube.com\/channel\/UCTR10gJrh3bKiqYgXvO-vSA\" target=\"_blank\" rel=\"noopener\">Seb2rallye<\/a> : La chaine youtube de notre ami Seb, pr\u00e9sent \u00e0 nos c\u00f4t\u00e9s sur tous les rallyes et mont\u00e9es historiques<\/strong><\/p>\n<p><strong><a href=\"https:\/\/nico2bcreation.fr\/\" target=\"_blank\" rel=\"noopener\">Nico2b Creation<\/a> : Le site de notre ami Nico D&rsquo;Ulivo, pour les adh\u00e9sifs, d\u00e9cos de voitures, flocages, miniatures 1\/43e, etc&#8230; et revendeur Gt2i<\/strong><\/p>\n<p><strong><a href=\"http:\/\/planetemarcus.com\/\" target=\"_blank\" rel=\"noopener\">PlaneteMarcus<\/a> : Le site de Jemerie BILLIOT consacr\u00e9 au championnat du monde des rallyes, et au pilote finlandais Marcus Gronholm<\/strong><\/p>\n<p><strong><a href=\"https:\/\/www.facebook.com\/2bshootings\/\" target=\"_blank\" rel=\"noopener\">2bShootings<\/a> : La page Facebook de notre ami Olivier<\/strong><\/p>\n<p><strong><a href=\"https:\/\/www.corsefootball.fr\/corse-rallye\/\" target=\"_blank\" rel=\"noopener\">Corse-Rallye<\/a> : Le site de Michel BERNARD, avec les archives des journaux insulaires sur le sport auto insulaire<\/strong><\/p>\n<p>\u00a0<\/p>\n\n\n<p><\/p>\n","protected":false},"excerpt":{"rendered":"<p>wrc.com : Le site officiel du championnat du monde des rallyes FFSA : Le site officiel de la F\u00e9d\u00e9ration Fran\u00e7aise&hellip; <a class=\"read-more\" href=\"https:\/\/rallyecorse.com\/index.php\/liens\/\">Continuer la lecture<\/a><\/p>\n","protected":false},"author":2,"featured_media":0,"parent":0,"menu_order":0,"comment_status":"closed","ping_status":"closed","template":"","meta":{"ngg_post_thumbnail":0,"footnotes":""},"class_list":["post-271","page","type-page","status-publish","hentry"],"_links":{"self":[{"href":"https:\/\/rallyecorse.com\/index.php\/wp-json\/wp\/v2\/pages\/271","targetHints":{"allow":["GET"]}}],"collection":[{"href":"https:\/\/rallyecorse.com\/index.php\/wp-json\/wp\/v2\/pages"}],"about":[{"href":"https:\/\/rallyecorse.com\/index.php\/wp-json\/wp\/v2\/types\/page"}],"author":[{"embeddable":true,"href":"https:\/\/rallyecorse.com\/index.php\/wp-json\/wp\/v2\/users\/2"}],"replies":[{"embeddable":true,"href":"https:\/\/rallyecorse.com\/index.php\/wp-json\/wp\/v2\/comments?post=271"}],"version-history":[{"count":35,"href":"https:\/\/rallyecorse.com\/index.php\/wp-json\/wp\/v2\/pages\/271\/revisions"}],"predecessor-version":[{"id":1670,"href":"https:\/\/rallyecorse.com\/index.php\/wp-json\/wp\/v2\/pages\/271\/revisions\/1670"}],"wp:attachment":[{"href":"https:\/\/rallyecorse.com\/index.php\/wp-json\/wp\/v2\/media?parent=271"}],"curies":[{"name":"wp","href":"https:\/\/api.w.org\/{rel}","templated":true}]}}