{"id":3332,"date":"2019-11-28T17:27:47","date_gmt":"2019-11-28T16:27:47","guid":{"rendered":"http:\/\/rallyecorse.com\/?page_id=3332"},"modified":"2021-01-29T15:23:13","modified_gmt":"2021-01-29T14:23:13","slug":"comptes-rendus","status":"publish","type":"page","link":"https:\/\/rallyecorse.com\/index.php\/comptes-rendus\/","title":{"rendered":"Comptes-rendus"},"content":{"rendered":"<p><strong>Retrouvez ici nos comptes-rendus photos et textes des rallyes et essais des ann\u00e9es pr\u00e9c\u00e9dentes !<\/strong><\/p>\n<p><a href=\"http:\/\/rallyecorse.com\/index.php\/category\/2021\/\"><strong>2021<\/strong><\/a><\/p>\n<p><strong><a href=\"http:\/\/rallyecorse.com\/index.php\/category\/2020\/\">2020<\/a><\/strong><\/p>\n<p><strong><a href=\"http:\/\/rallyecorse.com\/index.php\/category\/2019\/\">2019<\/a><\/strong><\/p>\n<p><strong><a href=\"http:\/\/rallyecorse.com\/index.php\/category\/2018\/\">2018<\/a><\/strong><\/p>\n<p><strong><a href=\"http:\/\/rallyecorse.com\/index.php\/category\/2017\/\">2017<\/a><\/strong><\/p>\n<p><strong><a href=\"http:\/\/rallyecorse.com\/index.php\/category\/2016\/\">2016<\/a><\/strong><\/p>\n<p><strong><a href=\"http:\/\/rallyecorse.com\/index.php\/category\/2015\/\">2015<\/a><\/strong><\/p>\n<p><strong><a href=\"http:\/\/rallyecorse.com\/index.php\/category\/2014\/\">2014<\/a><\/strong><\/p>\n","protected":false},"excerpt":{"rendered":"<p>Retrouvez ici nos comptes-rendus photos et textes des rallyes et essais des ann\u00e9es pr\u00e9c\u00e9dentes ! 2021 2020 2019 2018 2017&hellip; <a class=\"read-more\" href=\"https:\/\/rallyecorse.com\/index.php\/comptes-rendus\/\">Continuer la lecture<\/a><\/p>\n","protected":false},"author":2,"featured_media":0,"parent":0,"menu_order":0,"comment_status":"closed","ping_status":"closed","template":"","meta":{"ngg_post_thumbnail":0,"footnotes":""},"class_list":["post-3332","page","type-page","status-publish","hentry"],"_links":{"self":[{"href":"https:\/\/rallyecorse.com\/index.php\/wp-json\/wp\/v2\/pages\/3332","targetHints":{"allow":["GET"]}}],"collection":[{"href":"https:\/\/rallyecorse.com\/index.php\/wp-json\/wp\/v2\/pages"}],"about":[{"href":"https:\/\/rallyecorse.com\/index.php\/wp-json\/wp\/v2\/types\/page"}],"author":[{"embeddable":true,"href":"https:\/\/rallyecorse.com\/index.php\/wp-json\/wp\/v2\/users\/2"}],"replies":[{"embeddable":true,"href":"https:\/\/rallyecorse.com\/index.php\/wp-json\/wp\/v2\/comments?post=3332"}],"version-history":[{"count":4,"href":"https:\/\/rallyecorse.com\/index.php\/wp-json\/wp\/v2\/pages\/3332\/revisions"}],"predecessor-version":[{"id":6309,"href":"https:\/\/rallyecorse.com\/index.php\/wp-json\/wp\/v2\/pages\/3332\/revisions\/6309"}],"wp:attachment":[{"href":"https:\/\/rallyecorse.com\/index.php\/wp-json\/wp\/v2\/media?parent=3332"}],"curies":[{"name":"wp","href":"https:\/\/api.w.org\/{rel}","templated":true}]}}