{"id":7,"date":"2019-01-13T19:58:51","date_gmt":"2019-01-13T18:58:51","guid":{"rendered":"http:\/\/rallyecorse.com\/?page_id=7"},"modified":"2019-01-13T20:04:50","modified_gmt":"2019-01-13T19:04:50","slug":"accueil","status":"publish","type":"page","link":"https:\/\/rallyecorse.com\/index.php\/accueil\/","title":{"rendered":"Accueil"},"content":{"rendered":"<p>Bienvenue sur Rallyecorse.com.<\/p>\n<p>Pour 2019, l&rsquo;\u00e9quipe a d\u00e9cid\u00e9 d&rsquo;op\u00e9rer une refonte totale du site.<\/p>\n<p>L&rsquo;ensemble des informations de l&rsquo;ancien site restent disponibles sur le lien ci-dessus.<\/p>\n<p>Merci \u00e0 tous pour votre fid\u00e9lit\u00e9 et n&rsquo;oubliez pas de vous connecter \u00e0 nos pages Instagram et Facebook.<\/p>\n","protected":false},"excerpt":{"rendered":"<p>Bienvenue sur Rallyecorse.com. Pour 2019, l&rsquo;\u00e9quipe a d\u00e9cid\u00e9 d&rsquo;op\u00e9rer une refonte totale du site. L&rsquo;ensemble des informations de l&rsquo;ancien site&hellip; <a class=\"read-more\" href=\"https:\/\/rallyecorse.com\/index.php\/accueil\/\">Continuer la lecture<\/a><\/p>\n","protected":false},"author":1,"featured_media":0,"parent":0,"menu_order":0,"comment_status":"closed","ping_status":"closed","template":"","meta":{"ngg_post_thumbnail":0,"footnotes":""},"class_list":["post-7","page","type-page","status-publish","hentry"],"_links":{"self":[{"href":"https:\/\/rallyecorse.com\/index.php\/wp-json\/wp\/v2\/pages\/7","targetHints":{"allow":["GET"]}}],"collection":[{"href":"https:\/\/rallyecorse.com\/index.php\/wp-json\/wp\/v2\/pages"}],"about":[{"href":"https:\/\/rallyecorse.com\/index.php\/wp-json\/wp\/v2\/types\/page"}],"author":[{"embeddable":true,"href":"https:\/\/rallyecorse.com\/index.php\/wp-json\/wp\/v2\/users\/1"}],"replies":[{"embeddable":true,"href":"https:\/\/rallyecorse.com\/index.php\/wp-json\/wp\/v2\/comments?post=7"}],"version-history":[{"count":2,"href":"https:\/\/rallyecorse.com\/index.php\/wp-json\/wp\/v2\/pages\/7\/revisions"}],"predecessor-version":[{"id":38,"href":"https:\/\/rallyecorse.com\/index.php\/wp-json\/wp\/v2\/pages\/7\/revisions\/38"}],"wp:attachment":[{"href":"https:\/\/rallyecorse.com\/index.php\/wp-json\/wp\/v2\/media?parent=7"}],"curies":[{"name":"wp","href":"https:\/\/api.w.org\/{rel}","templated":true}]}}